{"id":86125,"date":"2023-11-18T18:35:27","date_gmt":"2023-11-18T18:35:27","guid":{"rendered":"https:\/\/savaria-stage.huemortest.com\/product\/rexx-bed\/"},"modified":"2025-12-07T21:04:00","modified_gmt":"2025-12-07T21:04:00","slug":"lit-rexx","status":"publish","type":"product","link":"https:\/\/savaria-stage.huemortest.com\/fr\/produit\/lit-rexx\/","title":{"rendered":"Lit Rexx"},"content":{"rendered":"<ul>\n<li>Le lit se d\u00e9place pratiquement en ligne droite \u00e0 la verticale, prot\u00e9geant les murs et l\u2019\u00e9quipement, avec des pieds espac\u00e9s pour le d\u00e9gagement de l\u2019\u00e9quipement.<\/li>\n<li>Il peut \u00eatre mobile ou verrouill\u00e9 \u00e0 n\u2019importe quelle hauteur, rendant le repositionnement du lit plus facile et plus s\u00fbr pour le personnel.<\/li>\n<li>Le repose-pieds vasculaire \u00e0 angle \u00e9lev\u00e9 est r\u00e9glable, \u00e9liminant ainsi le recours \u00e0 des oreillers et des couvertures pour soutenir les pieds.<\/li>\n<li>Les plateaux \u00e0 grille orthop\u00e9dique soud\u00e9s avec pr\u00e9cision fournissent une surface de support ventil\u00e9e avec soudure p\u00e9rim\u00e9trique offrant un support anti-affaissement.<\/li>\n<li>Les composants du lit rev\u00eatus individuellement de poudre offrent une durabilit\u00e9 exceptionnelle, avec une finition polyester flexible qui r\u00e9siste aux \u00e9clats et \u00e0 l\u2019\u00e9caillage.<\/li>\n<li>La surface de plateau lisse et facile \u00e0 nettoyer ne s\u2019accroche pas aux gants et aux chiffons de nettoyage, facilitant la d\u00e9sinfection et pr\u00e9venant les d\u00e9chirures dans la literie ou le dessous du matelas.<\/li>\n<li>Des chariots de transport optionnels simplifient la logistique des lits, car ils se fixent facilement \u00e0 l\u2019aide d\u2019une goupille et d\u2019une cl\u00e9, offrant une plateforme pour l\u2019entretien et la maintenance.<\/li>\n<\/ul>\n","protected":false},"excerpt":{"rendered":"<p>Un favori abordable et riche en d\u00e9tails.<\/p>\n","protected":false},"featured_media":86127,"comment_status":"open","ping_status":"closed","template":"","meta":{"_acf_changed":false},"care-type":[],"technology":[],"product_brand":[],"product_cat":[372],"product_tag":[],"class_list":{"0":"post-86125","1":"product","2":"type-product","3":"status-publish","4":"has-post-thumbnail","6":"product_cat-lits","8":"first","9":"instock","10":"shipping-taxable","11":"product-type-simple"},"acf":[],"yoast_head":"<!-- This site is optimized with the Yoast SEO Premium plugin v25.6 (Yoast SEO v27.2) - https:\/\/yoast.com\/product\/yoast-seo-premium-wordpress\/ -->\n<title>Lit Rexx | Soins aux patients de Savaria<\/title>\n<meta name=\"description\" content=\"Learn more about the Lit Rexx from Soins aux patients de Savaria . Discover a great range of product type products and buy today\" \/>\n<meta name=\"robots\" content=\"noindex, follow, max-snippet:-1, max-image-preview:large, max-video-preview:-1\" \/>\n<meta property=\"og:locale\" content=\"fr_CA\" \/>\n<meta property=\"og:type\" content=\"article\" \/>\n<meta property=\"og:title\" content=\"Lit Rexx\" \/>\n<meta property=\"og:description\" content=\"Learn more about the Lit Rexx from Soins aux patients de Savaria . Discover a great range of product type products and buy today\" \/>\n<meta property=\"og:url\" content=\"https:\/\/savaria-stage.huemortest.com\/fr\/produit\/lit-rexx\/\" \/>\n<meta property=\"og:site_name\" content=\"Soins aux patients de Savaria\" \/>\n<meta property=\"article:modified_time\" content=\"2025-12-07T21:04:00+00:00\" \/>\n<meta property=\"og:image\" content=\"https:\/\/savaria-stage.huemortest.com\/wp-content\/uploads\/2023\/11\/admin-ajax__64_-removebg-preview.png\" \/>\n\t<meta property=\"og:image:width\" content=\"571\" \/>\n\t<meta property=\"og:image:height\" content=\"333\" \/>\n\t<meta property=\"og:image:type\" content=\"image\/png\" \/>\n<meta name=\"twitter:card\" content=\"summary_large_image\" \/>\n<meta name=\"twitter:label1\" content=\"Est. reading time\" \/>\n\t<meta name=\"twitter:data1\" content=\"1 minute\" \/>\n<script type=\"application\/ld+json\" class=\"yoast-schema-graph\">{\"@context\":\"https:\/\/schema.org\",\"@graph\":[{\"@type\":\"WebPage\",\"@id\":\"https:\/\/savaria-stage.huemortest.com\/fr\/produit\/lit-rexx\/\",\"url\":\"https:\/\/savaria-stage.huemortest.com\/fr\/produit\/lit-rexx\/\",\"name\":\"Lit Rexx | Soins aux patients de Savaria\",\"isPartOf\":{\"@id\":\"https:\/\/savaria-stage.huemortest.com\/#website\"},\"primaryImageOfPage\":{\"@id\":\"https:\/\/savaria-stage.huemortest.com\/fr\/produit\/lit-rexx\/#primaryimage\"},\"image\":{\"@id\":\"https:\/\/savaria-stage.huemortest.com\/fr\/produit\/lit-rexx\/#primaryimage\"},\"thumbnailUrl\":\"https:\/\/savaria-stage.huemortest.com\/wp-content\/uploads\/2023\/11\/admin-ajax__64_-removebg-preview.png\",\"datePublished\":\"2023-11-18T18:35:27+00:00\",\"dateModified\":\"2025-12-07T21:04:00+00:00\",\"description\":\"Learn more about the Lit Rexx from Soins aux patients de Savaria . Discover a great range of product type products and buy today\",\"breadcrumb\":{\"@id\":\"https:\/\/savaria-stage.huemortest.com\/fr\/produit\/lit-rexx\/#breadcrumb\"},\"inLanguage\":\"fr-CA\",\"potentialAction\":[{\"@type\":\"ReadAction\",\"target\":[\"https:\/\/savaria-stage.huemortest.com\/fr\/produit\/lit-rexx\/\"]}]},{\"@type\":\"ImageObject\",\"inLanguage\":\"fr-CA\",\"@id\":\"https:\/\/savaria-stage.huemortest.com\/fr\/produit\/lit-rexx\/#primaryimage\",\"url\":\"https:\/\/savaria-stage.huemortest.com\/wp-content\/uploads\/2023\/11\/admin-ajax__64_-removebg-preview.png\",\"contentUrl\":\"https:\/\/savaria-stage.huemortest.com\/wp-content\/uploads\/2023\/11\/admin-ajax__64_-removebg-preview.png\",\"width\":571,\"height\":333},{\"@type\":\"BreadcrumbList\",\"@id\":\"https:\/\/savaria-stage.huemortest.com\/fr\/produit\/lit-rexx\/#breadcrumb\",\"itemListElement\":[{\"@type\":\"ListItem\",\"position\":1,\"name\":\"Home\",\"item\":\"https:\/\/savaria-stage.huemortest.com\/fr\/\"},{\"@type\":\"ListItem\",\"position\":2,\"name\":\"Products\",\"item\":\"https:\/\/savaria-stage.huemortest.com\/shop\/\"},{\"@type\":\"ListItem\",\"position\":3,\"name\":\"Lit Rexx\"}]},{\"@type\":\"WebSite\",\"@id\":\"https:\/\/savaria-stage.huemortest.com\/#website\",\"url\":\"https:\/\/savaria-stage.huemortest.com\/\",\"name\":\"Savaria Patient Care\",\"description\":\"\",\"publisher\":{\"@id\":\"https:\/\/savaria-stage.huemortest.com\/#organization\"},\"potentialAction\":[{\"@type\":\"SearchAction\",\"target\":{\"@type\":\"EntryPoint\",\"urlTemplate\":\"https:\/\/savaria-stage.huemortest.com\/?s={search_term_string}\"},\"query-input\":{\"@type\":\"PropertyValueSpecification\",\"valueRequired\":true,\"valueName\":\"search_term_string\"}}],\"inLanguage\":\"fr-CA\"},{\"@type\":\"Organization\",\"@id\":\"https:\/\/savaria-stage.huemortest.com\/#organization\",\"name\":\"Savaria\",\"url\":\"https:\/\/savaria-stage.huemortest.com\/\",\"logo\":{\"@type\":\"ImageObject\",\"inLanguage\":\"fr-CA\",\"@id\":\"https:\/\/savaria-stage.huemortest.com\/#\/schema\/logo\/image\/\",\"url\":\"https:\/\/savaria-stage.huemortest.com\/wp-content\/uploads\/2023\/10\/Savaria-Logo.svg\",\"contentUrl\":\"https:\/\/savaria-stage.huemortest.com\/wp-content\/uploads\/2023\/10\/Savaria-Logo.svg\",\"width\":1,\"height\":1,\"caption\":\"Savaria\"},\"image\":{\"@id\":\"https:\/\/savaria-stage.huemortest.com\/#\/schema\/logo\/image\/\"}}]}<\/script>\n<!-- \/ Yoast SEO Premium plugin. -->","yoast_head_json":{"title":"Lit Rexx | Soins aux patients de Savaria","description":"Learn more about the Lit Rexx from Soins aux patients de Savaria . Discover a great range of product type products and buy today","robots":{"index":"noindex","follow":"follow","max-snippet":"max-snippet:-1","max-image-preview":"max-image-preview:large","max-video-preview":"max-video-preview:-1"},"og_locale":"fr_CA","og_type":"article","og_title":"Lit Rexx","og_description":"Learn more about the Lit Rexx from Soins aux patients de Savaria . Discover a great range of product type products and buy today","og_url":"https:\/\/savaria-stage.huemortest.com\/fr\/produit\/lit-rexx\/","og_site_name":"Soins aux patients de Savaria","article_modified_time":"2025-12-07T21:04:00+00:00","og_image":[{"width":571,"height":333,"url":"https:\/\/savaria-stage.huemortest.com\/wp-content\/uploads\/2023\/11\/admin-ajax__64_-removebg-preview.png","type":"image\/png"}],"twitter_card":"summary_large_image","twitter_misc":{"Est. reading time":"1 minute"},"schema":{"@context":"https:\/\/schema.org","@graph":[{"@type":"WebPage","@id":"https:\/\/savaria-stage.huemortest.com\/fr\/produit\/lit-rexx\/","url":"https:\/\/savaria-stage.huemortest.com\/fr\/produit\/lit-rexx\/","name":"Lit Rexx | Soins aux patients de Savaria","isPartOf":{"@id":"https:\/\/savaria-stage.huemortest.com\/#website"},"primaryImageOfPage":{"@id":"https:\/\/savaria-stage.huemortest.com\/fr\/produit\/lit-rexx\/#primaryimage"},"image":{"@id":"https:\/\/savaria-stage.huemortest.com\/fr\/produit\/lit-rexx\/#primaryimage"},"thumbnailUrl":"https:\/\/savaria-stage.huemortest.com\/wp-content\/uploads\/2023\/11\/admin-ajax__64_-removebg-preview.png","datePublished":"2023-11-18T18:35:27+00:00","dateModified":"2025-12-07T21:04:00+00:00","description":"Learn more about the Lit Rexx from Soins aux patients de Savaria . Discover a great range of product type products and buy today","breadcrumb":{"@id":"https:\/\/savaria-stage.huemortest.com\/fr\/produit\/lit-rexx\/#breadcrumb"},"inLanguage":"fr-CA","potentialAction":[{"@type":"ReadAction","target":["https:\/\/savaria-stage.huemortest.com\/fr\/produit\/lit-rexx\/"]}]},{"@type":"ImageObject","inLanguage":"fr-CA","@id":"https:\/\/savaria-stage.huemortest.com\/fr\/produit\/lit-rexx\/#primaryimage","url":"https:\/\/savaria-stage.huemortest.com\/wp-content\/uploads\/2023\/11\/admin-ajax__64_-removebg-preview.png","contentUrl":"https:\/\/savaria-stage.huemortest.com\/wp-content\/uploads\/2023\/11\/admin-ajax__64_-removebg-preview.png","width":571,"height":333},{"@type":"BreadcrumbList","@id":"https:\/\/savaria-stage.huemortest.com\/fr\/produit\/lit-rexx\/#breadcrumb","itemListElement":[{"@type":"ListItem","position":1,"name":"Home","item":"https:\/\/savaria-stage.huemortest.com\/fr\/"},{"@type":"ListItem","position":2,"name":"Products","item":"https:\/\/savaria-stage.huemortest.com\/shop\/"},{"@type":"ListItem","position":3,"name":"Lit Rexx"}]},{"@type":"WebSite","@id":"https:\/\/savaria-stage.huemortest.com\/#website","url":"https:\/\/savaria-stage.huemortest.com\/","name":"Savaria Patient Care","description":"","publisher":{"@id":"https:\/\/savaria-stage.huemortest.com\/#organization"},"potentialAction":[{"@type":"SearchAction","target":{"@type":"EntryPoint","urlTemplate":"https:\/\/savaria-stage.huemortest.com\/?s={search_term_string}"},"query-input":{"@type":"PropertyValueSpecification","valueRequired":true,"valueName":"search_term_string"}}],"inLanguage":"fr-CA"},{"@type":"Organization","@id":"https:\/\/savaria-stage.huemortest.com\/#organization","name":"Savaria","url":"https:\/\/savaria-stage.huemortest.com\/","logo":{"@type":"ImageObject","inLanguage":"fr-CA","@id":"https:\/\/savaria-stage.huemortest.com\/#\/schema\/logo\/image\/","url":"https:\/\/savaria-stage.huemortest.com\/wp-content\/uploads\/2023\/10\/Savaria-Logo.svg","contentUrl":"https:\/\/savaria-stage.huemortest.com\/wp-content\/uploads\/2023\/10\/Savaria-Logo.svg","width":1,"height":1,"caption":"Savaria"},"image":{"@id":"https:\/\/savaria-stage.huemortest.com\/#\/schema\/logo\/image\/"}}]}},"_links":{"self":[{"href":"https:\/\/savaria-stage.huemortest.com\/fr\/wp-json\/wp\/v2\/product\/86125","targetHints":{"allow":["GET"]}}],"collection":[{"href":"https:\/\/savaria-stage.huemortest.com\/fr\/wp-json\/wp\/v2\/product"}],"about":[{"href":"https:\/\/savaria-stage.huemortest.com\/fr\/wp-json\/wp\/v2\/types\/product"}],"replies":[{"embeddable":true,"href":"https:\/\/savaria-stage.huemortest.com\/fr\/wp-json\/wp\/v2\/comments?post=86125"}],"wp:featuredmedia":[{"embeddable":true,"href":"https:\/\/savaria-stage.huemortest.com\/fr\/wp-json\/wp\/v2\/media\/86127"}],"wp:attachment":[{"href":"https:\/\/savaria-stage.huemortest.com\/fr\/wp-json\/wp\/v2\/media?parent=86125"}],"wp:term":[{"taxonomy":"care-type","embeddable":true,"href":"https:\/\/savaria-stage.huemortest.com\/fr\/wp-json\/wp\/v2\/care-type?post=86125"},{"taxonomy":"technology","embeddable":true,"href":"https:\/\/savaria-stage.huemortest.com\/fr\/wp-json\/wp\/v2\/technology?post=86125"},{"taxonomy":"product_brand","embeddable":true,"href":"https:\/\/savaria-stage.huemortest.com\/fr\/wp-json\/wp\/v2\/product_brand?post=86125"},{"taxonomy":"product_cat","embeddable":true,"href":"https:\/\/savaria-stage.huemortest.com\/fr\/wp-json\/wp\/v2\/product_cat?post=86125"},{"taxonomy":"product_tag","embeddable":true,"href":"https:\/\/savaria-stage.huemortest.com\/fr\/wp-json\/wp\/v2\/product_tag?post=86125"}],"curies":[{"name":"wp","href":"https:\/\/api.w.org\/{rel}","templated":true}]}}