{"id":86050,"date":"2023-12-05T14:35:10","date_gmt":"2023-12-05T14:35:10","guid":{"rendered":"https:\/\/savaria-stage.huemortest.com\/product\/geo-mattress-with-wings\/"},"modified":"2025-11-27T16:22:27","modified_gmt":"2025-11-27T16:22:27","slug":"geo-mattress-with-wings","status":"publish","type":"product","link":"https:\/\/savaria-stage.huemortest.com\/fr\/produit\/geo-mattress-with-wings\/","title":{"rendered":"Geo-Mattress with WingsMD"},"content":{"rendered":"<h3 style=\"text-align: center;\">S\u00e9curit\u00e9 accrue \u2013 sans compromis<\/h3>\n<p style=\"text-align: center;\">Le p\u00e9rim\u00e8tre sur\u00e9lev\u00e9 offrant un bon soutien (20 cm (8 po) de hauteur) de notre Geo-MattressMD with WingsMD enveloppe le r\u00e9sident, aidant \u00e0 pr\u00e9venir les blessures en d\u00e9courageant les sorties autonomes du lit et en \u00e9loignant d\u00e9licatement l\u2019utilisateur des positions dangereuses pr\u00e8s du bord du matelas.<\/p>\n<p style=\"text-align: center;\">Comble l\u2019espace entre le bas de la barri\u00e8re lat\u00e9rale et la surface du matelas, ce qui aide \u00e0 pr\u00e9venir le pincement des extr\u00e9mit\u00e9s. Tout en aidant votre \u00e9tablissement \u00e0 se conformer aux derni\u00e8res l\u00e9gislations sur la r\u00e9duction des contentions, la diminution de l\u2019utilisation des barri\u00e8res lat\u00e9rales et les recommandations pour \u00e9viter les coincements.<\/p>\n<p style=\"text-align: center;\">Contrairement aux m\u00eames renforts durs et expos\u00e9s utilis\u00e9s par d\u2019autres, son p\u00e9rim\u00e8tre sur\u00e9lev\u00e9 est dot\u00e9 d\u2019une surface Geo-MattMD douce pour les tissus d\u2019un bord \u00e0 l\u2019autre. B\u00e9n\u00e9ficiant de tous les avantages cl\u00e9s des mod\u00e8les Max, Plus et Pro, le Geo-MattressMD with WingsMD est synonyme de s\u00e9curit\u00e9 pour vos r\u00e9sidents \u2013 et pour leur peau!<\/p>\n","protected":false},"excerpt":{"rendered":"<p>Le Geo-Mattress avec ailes est un matelas th\u00e9rapeutique \u00e0 p\u00e9rim\u00e8tre sur\u00e9lev\u00e9 dot\u00e9 de notre conception innovante offrant aux patients une s\u00e9curit\u00e9 et un confort accrus lors des transferts.<\/p>\n","protected":false},"featured_media":86052,"comment_status":"open","ping_status":"closed","template":"","meta":{"_acf_changed":false},"care-type":[367],"technology":[],"product_brand":[],"product_cat":[401,402],"product_tag":[],"class_list":{"0":"post-86050","1":"product","2":"type-product","3":"status-publish","4":"has-post-thumbnail","6":"care-type-soins-de-longue-duree","7":"product_cat-surfaces-de-prevention","8":"product_cat-surfaces-de-support","10":"first","11":"instock","12":"shipping-taxable","13":"product-type-simple"},"acf":[],"yoast_head":"<!-- This site is optimized with the Yoast SEO Premium plugin v25.6 (Yoast SEO v27.2) - https:\/\/yoast.com\/product\/yoast-seo-premium-wordpress\/ -->\n<title>Geo-Mattress with WingsMD | Soins aux patients de Savaria<\/title>\n<meta name=\"description\" content=\"Learn more about the Geo-Mattress with WingsMD from Soins aux patients de Savaria . Discover a great range of product type products and buy today\" \/>\n<meta name=\"robots\" content=\"noindex, follow, max-snippet:-1, max-image-preview:large, max-video-preview:-1\" \/>\n<meta property=\"og:locale\" content=\"fr_CA\" \/>\n<meta property=\"og:type\" content=\"article\" \/>\n<meta property=\"og:title\" content=\"Geo-Mattress with WingsMD\" \/>\n<meta property=\"og:description\" content=\"Learn more about the Geo-Mattress with WingsMD from Soins aux patients de Savaria . Discover a great range of product type products and buy today\" \/>\n<meta property=\"og:url\" content=\"https:\/\/savaria-stage.huemortest.com\/fr\/produit\/geo-mattress-with-wings\/\" \/>\n<meta property=\"og:site_name\" content=\"Soins aux patients de Savaria\" \/>\n<meta property=\"article:modified_time\" content=\"2025-11-27T16:22:27+00:00\" \/>\n<meta property=\"og:image\" content=\"https:\/\/savaria-stage.huemortest.com\/wp-content\/uploads\/2023\/12\/Savaria_SPAN_GeoMatt_with_Wings_Room.png\" \/>\n\t<meta property=\"og:image:width\" content=\"1800\" \/>\n\t<meta property=\"og:image:height\" content=\"1800\" \/>\n\t<meta property=\"og:image:type\" content=\"image\/png\" \/>\n<meta name=\"twitter:card\" content=\"summary_large_image\" \/>\n<meta name=\"twitter:label1\" content=\"Est. reading time\" \/>\n\t<meta name=\"twitter:data1\" content=\"1 minute\" \/>\n<script type=\"application\/ld+json\" class=\"yoast-schema-graph\">{\"@context\":\"https:\/\/schema.org\",\"@graph\":[{\"@type\":\"WebPage\",\"@id\":\"https:\/\/savaria-stage.huemortest.com\/fr\/produit\/geo-mattress-with-wings\/\",\"url\":\"https:\/\/savaria-stage.huemortest.com\/fr\/produit\/geo-mattress-with-wings\/\",\"name\":\"Geo-Mattress with WingsMD | Soins aux patients de Savaria\",\"isPartOf\":{\"@id\":\"https:\/\/savaria-stage.huemortest.com\/#website\"},\"primaryImageOfPage\":{\"@id\":\"https:\/\/savaria-stage.huemortest.com\/fr\/produit\/geo-mattress-with-wings\/#primaryimage\"},\"image\":{\"@id\":\"https:\/\/savaria-stage.huemortest.com\/fr\/produit\/geo-mattress-with-wings\/#primaryimage\"},\"thumbnailUrl\":\"https:\/\/savaria-stage.huemortest.com\/wp-content\/uploads\/2023\/12\/Savaria_SPAN_GeoMatt_with_Wings_Room.png\",\"datePublished\":\"2023-12-05T14:35:10+00:00\",\"dateModified\":\"2025-11-27T16:22:27+00:00\",\"description\":\"Learn more about the Geo-Mattress with WingsMD from Soins aux patients de Savaria . Discover a great range of product type products and buy today\",\"breadcrumb\":{\"@id\":\"https:\/\/savaria-stage.huemortest.com\/fr\/produit\/geo-mattress-with-wings\/#breadcrumb\"},\"inLanguage\":\"fr-CA\",\"potentialAction\":[{\"@type\":\"ReadAction\",\"target\":[\"https:\/\/savaria-stage.huemortest.com\/fr\/produit\/geo-mattress-with-wings\/\"]}]},{\"@type\":\"ImageObject\",\"inLanguage\":\"fr-CA\",\"@id\":\"https:\/\/savaria-stage.huemortest.com\/fr\/produit\/geo-mattress-with-wings\/#primaryimage\",\"url\":\"https:\/\/savaria-stage.huemortest.com\/wp-content\/uploads\/2023\/12\/Savaria_SPAN_GeoMatt_with_Wings_Room.png\",\"contentUrl\":\"https:\/\/savaria-stage.huemortest.com\/wp-content\/uploads\/2023\/12\/Savaria_SPAN_GeoMatt_with_Wings_Room.png\",\"width\":1800,\"height\":1800},{\"@type\":\"BreadcrumbList\",\"@id\":\"https:\/\/savaria-stage.huemortest.com\/fr\/produit\/geo-mattress-with-wings\/#breadcrumb\",\"itemListElement\":[{\"@type\":\"ListItem\",\"position\":1,\"name\":\"Home\",\"item\":\"https:\/\/savaria-stage.huemortest.com\/fr\/\"},{\"@type\":\"ListItem\",\"position\":2,\"name\":\"Products\",\"item\":\"https:\/\/savaria-stage.huemortest.com\/shop\/\"},{\"@type\":\"ListItem\",\"position\":3,\"name\":\"Geo-Mattress with WingsMD\"}]},{\"@type\":\"WebSite\",\"@id\":\"https:\/\/savaria-stage.huemortest.com\/#website\",\"url\":\"https:\/\/savaria-stage.huemortest.com\/\",\"name\":\"Savaria Patient Care\",\"description\":\"\",\"publisher\":{\"@id\":\"https:\/\/savaria-stage.huemortest.com\/#organization\"},\"potentialAction\":[{\"@type\":\"SearchAction\",\"target\":{\"@type\":\"EntryPoint\",\"urlTemplate\":\"https:\/\/savaria-stage.huemortest.com\/?s={search_term_string}\"},\"query-input\":{\"@type\":\"PropertyValueSpecification\",\"valueRequired\":true,\"valueName\":\"search_term_string\"}}],\"inLanguage\":\"fr-CA\"},{\"@type\":\"Organization\",\"@id\":\"https:\/\/savaria-stage.huemortest.com\/#organization\",\"name\":\"Savaria\",\"url\":\"https:\/\/savaria-stage.huemortest.com\/\",\"logo\":{\"@type\":\"ImageObject\",\"inLanguage\":\"fr-CA\",\"@id\":\"https:\/\/savaria-stage.huemortest.com\/#\/schema\/logo\/image\/\",\"url\":\"https:\/\/savaria-stage.huemortest.com\/wp-content\/uploads\/2023\/10\/Savaria-Logo.svg\",\"contentUrl\":\"https:\/\/savaria-stage.huemortest.com\/wp-content\/uploads\/2023\/10\/Savaria-Logo.svg\",\"width\":1,\"height\":1,\"caption\":\"Savaria\"},\"image\":{\"@id\":\"https:\/\/savaria-stage.huemortest.com\/#\/schema\/logo\/image\/\"}}]}<\/script>\n<!-- \/ Yoast SEO Premium plugin. -->","yoast_head_json":{"title":"Geo-Mattress with WingsMD | Soins aux patients de Savaria","description":"Learn more about the Geo-Mattress with WingsMD from Soins aux patients de Savaria . Discover a great range of product type products and buy today","robots":{"index":"noindex","follow":"follow","max-snippet":"max-snippet:-1","max-image-preview":"max-image-preview:large","max-video-preview":"max-video-preview:-1"},"og_locale":"fr_CA","og_type":"article","og_title":"Geo-Mattress with WingsMD","og_description":"Learn more about the Geo-Mattress with WingsMD from Soins aux patients de Savaria . Discover a great range of product type products and buy today","og_url":"https:\/\/savaria-stage.huemortest.com\/fr\/produit\/geo-mattress-with-wings\/","og_site_name":"Soins aux patients de Savaria","article_modified_time":"2025-11-27T16:22:27+00:00","og_image":[{"width":1800,"height":1800,"url":"https:\/\/savaria-stage.huemortest.com\/wp-content\/uploads\/2023\/12\/Savaria_SPAN_GeoMatt_with_Wings_Room.png","type":"image\/png"}],"twitter_card":"summary_large_image","twitter_misc":{"Est. reading time":"1 minute"},"schema":{"@context":"https:\/\/schema.org","@graph":[{"@type":"WebPage","@id":"https:\/\/savaria-stage.huemortest.com\/fr\/produit\/geo-mattress-with-wings\/","url":"https:\/\/savaria-stage.huemortest.com\/fr\/produit\/geo-mattress-with-wings\/","name":"Geo-Mattress with WingsMD | Soins aux patients de Savaria","isPartOf":{"@id":"https:\/\/savaria-stage.huemortest.com\/#website"},"primaryImageOfPage":{"@id":"https:\/\/savaria-stage.huemortest.com\/fr\/produit\/geo-mattress-with-wings\/#primaryimage"},"image":{"@id":"https:\/\/savaria-stage.huemortest.com\/fr\/produit\/geo-mattress-with-wings\/#primaryimage"},"thumbnailUrl":"https:\/\/savaria-stage.huemortest.com\/wp-content\/uploads\/2023\/12\/Savaria_SPAN_GeoMatt_with_Wings_Room.png","datePublished":"2023-12-05T14:35:10+00:00","dateModified":"2025-11-27T16:22:27+00:00","description":"Learn more about the Geo-Mattress with WingsMD from Soins aux patients de Savaria . Discover a great range of product type products and buy today","breadcrumb":{"@id":"https:\/\/savaria-stage.huemortest.com\/fr\/produit\/geo-mattress-with-wings\/#breadcrumb"},"inLanguage":"fr-CA","potentialAction":[{"@type":"ReadAction","target":["https:\/\/savaria-stage.huemortest.com\/fr\/produit\/geo-mattress-with-wings\/"]}]},{"@type":"ImageObject","inLanguage":"fr-CA","@id":"https:\/\/savaria-stage.huemortest.com\/fr\/produit\/geo-mattress-with-wings\/#primaryimage","url":"https:\/\/savaria-stage.huemortest.com\/wp-content\/uploads\/2023\/12\/Savaria_SPAN_GeoMatt_with_Wings_Room.png","contentUrl":"https:\/\/savaria-stage.huemortest.com\/wp-content\/uploads\/2023\/12\/Savaria_SPAN_GeoMatt_with_Wings_Room.png","width":1800,"height":1800},{"@type":"BreadcrumbList","@id":"https:\/\/savaria-stage.huemortest.com\/fr\/produit\/geo-mattress-with-wings\/#breadcrumb","itemListElement":[{"@type":"ListItem","position":1,"name":"Home","item":"https:\/\/savaria-stage.huemortest.com\/fr\/"},{"@type":"ListItem","position":2,"name":"Products","item":"https:\/\/savaria-stage.huemortest.com\/shop\/"},{"@type":"ListItem","position":3,"name":"Geo-Mattress with WingsMD"}]},{"@type":"WebSite","@id":"https:\/\/savaria-stage.huemortest.com\/#website","url":"https:\/\/savaria-stage.huemortest.com\/","name":"Savaria Patient Care","description":"","publisher":{"@id":"https:\/\/savaria-stage.huemortest.com\/#organization"},"potentialAction":[{"@type":"SearchAction","target":{"@type":"EntryPoint","urlTemplate":"https:\/\/savaria-stage.huemortest.com\/?s={search_term_string}"},"query-input":{"@type":"PropertyValueSpecification","valueRequired":true,"valueName":"search_term_string"}}],"inLanguage":"fr-CA"},{"@type":"Organization","@id":"https:\/\/savaria-stage.huemortest.com\/#organization","name":"Savaria","url":"https:\/\/savaria-stage.huemortest.com\/","logo":{"@type":"ImageObject","inLanguage":"fr-CA","@id":"https:\/\/savaria-stage.huemortest.com\/#\/schema\/logo\/image\/","url":"https:\/\/savaria-stage.huemortest.com\/wp-content\/uploads\/2023\/10\/Savaria-Logo.svg","contentUrl":"https:\/\/savaria-stage.huemortest.com\/wp-content\/uploads\/2023\/10\/Savaria-Logo.svg","width":1,"height":1,"caption":"Savaria"},"image":{"@id":"https:\/\/savaria-stage.huemortest.com\/#\/schema\/logo\/image\/"}}]}},"_links":{"self":[{"href":"https:\/\/savaria-stage.huemortest.com\/fr\/wp-json\/wp\/v2\/product\/86050","targetHints":{"allow":["GET"]}}],"collection":[{"href":"https:\/\/savaria-stage.huemortest.com\/fr\/wp-json\/wp\/v2\/product"}],"about":[{"href":"https:\/\/savaria-stage.huemortest.com\/fr\/wp-json\/wp\/v2\/types\/product"}],"replies":[{"embeddable":true,"href":"https:\/\/savaria-stage.huemortest.com\/fr\/wp-json\/wp\/v2\/comments?post=86050"}],"wp:featuredmedia":[{"embeddable":true,"href":"https:\/\/savaria-stage.huemortest.com\/fr\/wp-json\/wp\/v2\/media\/86052"}],"wp:attachment":[{"href":"https:\/\/savaria-stage.huemortest.com\/fr\/wp-json\/wp\/v2\/media?parent=86050"}],"wp:term":[{"taxonomy":"care-type","embeddable":true,"href":"https:\/\/savaria-stage.huemortest.com\/fr\/wp-json\/wp\/v2\/care-type?post=86050"},{"taxonomy":"technology","embeddable":true,"href":"https:\/\/savaria-stage.huemortest.com\/fr\/wp-json\/wp\/v2\/technology?post=86050"},{"taxonomy":"product_brand","embeddable":true,"href":"https:\/\/savaria-stage.huemortest.com\/fr\/wp-json\/wp\/v2\/product_brand?post=86050"},{"taxonomy":"product_cat","embeddable":true,"href":"https:\/\/savaria-stage.huemortest.com\/fr\/wp-json\/wp\/v2\/product_cat?post=86050"},{"taxonomy":"product_tag","embeddable":true,"href":"https:\/\/savaria-stage.huemortest.com\/fr\/wp-json\/wp\/v2\/product_tag?post=86050"}],"curies":[{"name":"wp","href":"https:\/\/api.w.org\/{rel}","templated":true}]}}