{"id":85936,"date":"2024-01-25T15:31:29","date_gmt":"2024-01-25T15:31:29","guid":{"rendered":"https:\/\/savaria-stage.huemortest.com\/product\/silvalea-uniliversal-sling\/"},"modified":"2025-12-07T21:13:51","modified_gmt":"2025-12-07T21:13:51","slug":"elingue-universelle-silvalea","status":"publish","type":"product","link":"https:\/\/savaria-stage.huemortest.com\/fr\/produit\/elingue-universelle-silvalea\/","title":{"rendered":"\u00c9lingue universelle (Silvalea)"},"content":{"rendered":"<h5>De nombreuses fonctionnalit\u00e9s<\/h5>\n<ul>\n<li>\u00c9lingue de soutien pour tout le corps<\/li>\n<li>Sections de jambes rembourr\u00e9es inclin\u00e9es offrant un soutien complet du f\u00e9mur et de la hanche<\/li>\n<li>Id\u00e9al pour les transferts g\u00e9n\u00e9raux<\/li>\n<li>Petite ouverture \u00e0 des fins d\u2019hygi\u00e8ne<\/li>\n<li>Bandes \u00e0 code couleur<\/li>\n<\/ul>\n","protected":false},"excerpt":{"rendered":"<p>L\u2019\u00e9lingue universelle offre un soutien complet du corps.\u00a0 Elle est id\u00e9ale pour les transferts g\u00e9n\u00e9raux.<\/p>\n","protected":false},"featured_media":96844,"comment_status":"open","ping_status":"closed","template":"","meta":{"_acf_changed":false},"care-type":[373,364,367],"technology":[],"product_brand":[],"product_cat":[388],"product_tag":[393],"class_list":{"0":"post-85936","1":"product","2":"type-product","3":"status-publish","4":"has-post-thumbnail","6":"care-type-soins-a-domicile","7":"care-type-soins-de-courte-duree","8":"care-type-soins-de-longue-duree","9":"product_cat-multipurpose-fr","10":"product_tag-m921501-fr","12":"first","13":"instock","14":"shipping-taxable","15":"product-type-simple"},"acf":[],"yoast_head":"<!-- This site is optimized with the Yoast SEO Premium plugin v25.6 (Yoast SEO v27.2) - https:\/\/yoast.com\/product\/yoast-seo-premium-wordpress\/ -->\n<title>\u00c9lingue universelle (Silvalea) | Soins aux patients de Savaria<\/title>\n<meta name=\"description\" content=\"Learn more about the \u00c9lingue universelle (Silvalea) from Soins aux patients de Savaria . Discover a great range of product type products and buy today\" \/>\n<meta name=\"robots\" content=\"noindex, follow, max-snippet:-1, max-image-preview:large, max-video-preview:-1\" \/>\n<meta property=\"og:locale\" content=\"fr_CA\" \/>\n<meta property=\"og:type\" content=\"article\" \/>\n<meta property=\"og:title\" content=\"\u00c9lingue universelle (Silvalea)\" \/>\n<meta property=\"og:description\" content=\"Learn more about the \u00c9lingue universelle (Silvalea) from Soins aux patients de Savaria . Discover a great range of product type products and buy today\" \/>\n<meta property=\"og:url\" content=\"https:\/\/savaria-stage.huemortest.com\/fr\/produit\/elingue-universelle-silvalea\/\" \/>\n<meta property=\"og:site_name\" content=\"Soins aux patients de Savaria\" \/>\n<meta property=\"article:modified_time\" content=\"2025-12-07T21:13:51+00:00\" \/>\n<meta property=\"og:image\" content=\"https:\/\/savaria-stage.huemortest.com\/wp-content\/uploads\/2024\/01\/M921501-Universal-Sling-Mesh-Right-612x1024.png\" \/>\n\t<meta property=\"og:image:width\" content=\"612\" \/>\n\t<meta property=\"og:image:height\" content=\"1024\" \/>\n\t<meta property=\"og:image:type\" content=\"image\/png\" \/>\n<meta name=\"twitter:card\" content=\"summary_large_image\" \/>\n<meta name=\"twitter:label1\" content=\"Est. reading time\" \/>\n\t<meta name=\"twitter:data1\" content=\"1 minute\" \/>\n<script type=\"application\/ld+json\" class=\"yoast-schema-graph\">{\"@context\":\"https:\/\/schema.org\",\"@graph\":[{\"@type\":\"WebPage\",\"@id\":\"https:\/\/savaria-stage.huemortest.com\/fr\/produit\/elingue-universelle-silvalea\/\",\"url\":\"https:\/\/savaria-stage.huemortest.com\/fr\/produit\/elingue-universelle-silvalea\/\",\"name\":\"\u00c9lingue universelle (Silvalea) | Soins aux patients de Savaria\",\"isPartOf\":{\"@id\":\"https:\/\/savaria-stage.huemortest.com\/#website\"},\"primaryImageOfPage\":{\"@id\":\"https:\/\/savaria-stage.huemortest.com\/fr\/produit\/elingue-universelle-silvalea\/#primaryimage\"},\"image\":{\"@id\":\"https:\/\/savaria-stage.huemortest.com\/fr\/produit\/elingue-universelle-silvalea\/#primaryimage\"},\"thumbnailUrl\":\"https:\/\/savaria-stage.huemortest.com\/wp-content\/uploads\/2024\/01\/M921501-Universal-Sling-Mesh-Right-scaled.png\",\"datePublished\":\"2024-01-25T15:31:29+00:00\",\"dateModified\":\"2025-12-07T21:13:51+00:00\",\"description\":\"Learn more about the \u00c9lingue universelle (Silvalea) from Soins aux patients de Savaria . Discover a great range of product type products and buy today\",\"breadcrumb\":{\"@id\":\"https:\/\/savaria-stage.huemortest.com\/fr\/produit\/elingue-universelle-silvalea\/#breadcrumb\"},\"inLanguage\":\"fr-CA\",\"potentialAction\":[{\"@type\":\"ReadAction\",\"target\":[\"https:\/\/savaria-stage.huemortest.com\/fr\/produit\/elingue-universelle-silvalea\/\"]}]},{\"@type\":\"ImageObject\",\"inLanguage\":\"fr-CA\",\"@id\":\"https:\/\/savaria-stage.huemortest.com\/fr\/produit\/elingue-universelle-silvalea\/#primaryimage\",\"url\":\"https:\/\/savaria-stage.huemortest.com\/wp-content\/uploads\/2024\/01\/M921501-Universal-Sling-Mesh-Right-scaled.png\",\"contentUrl\":\"https:\/\/savaria-stage.huemortest.com\/wp-content\/uploads\/2024\/01\/M921501-Universal-Sling-Mesh-Right-scaled.png\",\"width\":1529,\"height\":2560},{\"@type\":\"BreadcrumbList\",\"@id\":\"https:\/\/savaria-stage.huemortest.com\/fr\/produit\/elingue-universelle-silvalea\/#breadcrumb\",\"itemListElement\":[{\"@type\":\"ListItem\",\"position\":1,\"name\":\"Home\",\"item\":\"https:\/\/savaria-stage.huemortest.com\/fr\/\"},{\"@type\":\"ListItem\",\"position\":2,\"name\":\"Products\",\"item\":\"https:\/\/savaria-stage.huemortest.com\/shop\/\"},{\"@type\":\"ListItem\",\"position\":3,\"name\":\"\u00c9lingue universelle (Silvalea)\"}]},{\"@type\":\"WebSite\",\"@id\":\"https:\/\/savaria-stage.huemortest.com\/#website\",\"url\":\"https:\/\/savaria-stage.huemortest.com\/\",\"name\":\"Savaria Patient Care\",\"description\":\"\",\"publisher\":{\"@id\":\"https:\/\/savaria-stage.huemortest.com\/#organization\"},\"potentialAction\":[{\"@type\":\"SearchAction\",\"target\":{\"@type\":\"EntryPoint\",\"urlTemplate\":\"https:\/\/savaria-stage.huemortest.com\/?s={search_term_string}\"},\"query-input\":{\"@type\":\"PropertyValueSpecification\",\"valueRequired\":true,\"valueName\":\"search_term_string\"}}],\"inLanguage\":\"fr-CA\"},{\"@type\":\"Organization\",\"@id\":\"https:\/\/savaria-stage.huemortest.com\/#organization\",\"name\":\"Savaria\",\"url\":\"https:\/\/savaria-stage.huemortest.com\/\",\"logo\":{\"@type\":\"ImageObject\",\"inLanguage\":\"fr-CA\",\"@id\":\"https:\/\/savaria-stage.huemortest.com\/#\/schema\/logo\/image\/\",\"url\":\"https:\/\/savaria-stage.huemortest.com\/wp-content\/uploads\/2023\/10\/Savaria-Logo.svg\",\"contentUrl\":\"https:\/\/savaria-stage.huemortest.com\/wp-content\/uploads\/2023\/10\/Savaria-Logo.svg\",\"width\":1,\"height\":1,\"caption\":\"Savaria\"},\"image\":{\"@id\":\"https:\/\/savaria-stage.huemortest.com\/#\/schema\/logo\/image\/\"}}]}<\/script>\n<!-- \/ Yoast SEO Premium plugin. -->","yoast_head_json":{"title":"\u00c9lingue universelle (Silvalea) | Soins aux patients de Savaria","description":"Learn more about the \u00c9lingue universelle (Silvalea) from Soins aux patients de Savaria . Discover a great range of product type products and buy today","robots":{"index":"noindex","follow":"follow","max-snippet":"max-snippet:-1","max-image-preview":"max-image-preview:large","max-video-preview":"max-video-preview:-1"},"og_locale":"fr_CA","og_type":"article","og_title":"\u00c9lingue universelle (Silvalea)","og_description":"Learn more about the \u00c9lingue universelle (Silvalea) from Soins aux patients de Savaria . Discover a great range of product type products and buy today","og_url":"https:\/\/savaria-stage.huemortest.com\/fr\/produit\/elingue-universelle-silvalea\/","og_site_name":"Soins aux patients de Savaria","article_modified_time":"2025-12-07T21:13:51+00:00","og_image":[{"width":612,"height":1024,"url":"https:\/\/savaria-stage.huemortest.com\/wp-content\/uploads\/2024\/01\/M921501-Universal-Sling-Mesh-Right-612x1024.png","type":"image\/png"}],"twitter_card":"summary_large_image","twitter_misc":{"Est. reading time":"1 minute"},"schema":{"@context":"https:\/\/schema.org","@graph":[{"@type":"WebPage","@id":"https:\/\/savaria-stage.huemortest.com\/fr\/produit\/elingue-universelle-silvalea\/","url":"https:\/\/savaria-stage.huemortest.com\/fr\/produit\/elingue-universelle-silvalea\/","name":"\u00c9lingue universelle (Silvalea) | Soins aux patients de Savaria","isPartOf":{"@id":"https:\/\/savaria-stage.huemortest.com\/#website"},"primaryImageOfPage":{"@id":"https:\/\/savaria-stage.huemortest.com\/fr\/produit\/elingue-universelle-silvalea\/#primaryimage"},"image":{"@id":"https:\/\/savaria-stage.huemortest.com\/fr\/produit\/elingue-universelle-silvalea\/#primaryimage"},"thumbnailUrl":"https:\/\/savaria-stage.huemortest.com\/wp-content\/uploads\/2024\/01\/M921501-Universal-Sling-Mesh-Right-scaled.png","datePublished":"2024-01-25T15:31:29+00:00","dateModified":"2025-12-07T21:13:51+00:00","description":"Learn more about the \u00c9lingue universelle (Silvalea) from Soins aux patients de Savaria . Discover a great range of product type products and buy today","breadcrumb":{"@id":"https:\/\/savaria-stage.huemortest.com\/fr\/produit\/elingue-universelle-silvalea\/#breadcrumb"},"inLanguage":"fr-CA","potentialAction":[{"@type":"ReadAction","target":["https:\/\/savaria-stage.huemortest.com\/fr\/produit\/elingue-universelle-silvalea\/"]}]},{"@type":"ImageObject","inLanguage":"fr-CA","@id":"https:\/\/savaria-stage.huemortest.com\/fr\/produit\/elingue-universelle-silvalea\/#primaryimage","url":"https:\/\/savaria-stage.huemortest.com\/wp-content\/uploads\/2024\/01\/M921501-Universal-Sling-Mesh-Right-scaled.png","contentUrl":"https:\/\/savaria-stage.huemortest.com\/wp-content\/uploads\/2024\/01\/M921501-Universal-Sling-Mesh-Right-scaled.png","width":1529,"height":2560},{"@type":"BreadcrumbList","@id":"https:\/\/savaria-stage.huemortest.com\/fr\/produit\/elingue-universelle-silvalea\/#breadcrumb","itemListElement":[{"@type":"ListItem","position":1,"name":"Home","item":"https:\/\/savaria-stage.huemortest.com\/fr\/"},{"@type":"ListItem","position":2,"name":"Products","item":"https:\/\/savaria-stage.huemortest.com\/shop\/"},{"@type":"ListItem","position":3,"name":"\u00c9lingue universelle (Silvalea)"}]},{"@type":"WebSite","@id":"https:\/\/savaria-stage.huemortest.com\/#website","url":"https:\/\/savaria-stage.huemortest.com\/","name":"Savaria Patient Care","description":"","publisher":{"@id":"https:\/\/savaria-stage.huemortest.com\/#organization"},"potentialAction":[{"@type":"SearchAction","target":{"@type":"EntryPoint","urlTemplate":"https:\/\/savaria-stage.huemortest.com\/?s={search_term_string}"},"query-input":{"@type":"PropertyValueSpecification","valueRequired":true,"valueName":"search_term_string"}}],"inLanguage":"fr-CA"},{"@type":"Organization","@id":"https:\/\/savaria-stage.huemortest.com\/#organization","name":"Savaria","url":"https:\/\/savaria-stage.huemortest.com\/","logo":{"@type":"ImageObject","inLanguage":"fr-CA","@id":"https:\/\/savaria-stage.huemortest.com\/#\/schema\/logo\/image\/","url":"https:\/\/savaria-stage.huemortest.com\/wp-content\/uploads\/2023\/10\/Savaria-Logo.svg","contentUrl":"https:\/\/savaria-stage.huemortest.com\/wp-content\/uploads\/2023\/10\/Savaria-Logo.svg","width":1,"height":1,"caption":"Savaria"},"image":{"@id":"https:\/\/savaria-stage.huemortest.com\/#\/schema\/logo\/image\/"}}]}},"_links":{"self":[{"href":"https:\/\/savaria-stage.huemortest.com\/fr\/wp-json\/wp\/v2\/product\/85936","targetHints":{"allow":["GET"]}}],"collection":[{"href":"https:\/\/savaria-stage.huemortest.com\/fr\/wp-json\/wp\/v2\/product"}],"about":[{"href":"https:\/\/savaria-stage.huemortest.com\/fr\/wp-json\/wp\/v2\/types\/product"}],"replies":[{"embeddable":true,"href":"https:\/\/savaria-stage.huemortest.com\/fr\/wp-json\/wp\/v2\/comments?post=85936"}],"wp:featuredmedia":[{"embeddable":true,"href":"https:\/\/savaria-stage.huemortest.com\/fr\/wp-json\/wp\/v2\/media\/96844"}],"wp:attachment":[{"href":"https:\/\/savaria-stage.huemortest.com\/fr\/wp-json\/wp\/v2\/media?parent=85936"}],"wp:term":[{"taxonomy":"care-type","embeddable":true,"href":"https:\/\/savaria-stage.huemortest.com\/fr\/wp-json\/wp\/v2\/care-type?post=85936"},{"taxonomy":"technology","embeddable":true,"href":"https:\/\/savaria-stage.huemortest.com\/fr\/wp-json\/wp\/v2\/technology?post=85936"},{"taxonomy":"product_brand","embeddable":true,"href":"https:\/\/savaria-stage.huemortest.com\/fr\/wp-json\/wp\/v2\/product_brand?post=85936"},{"taxonomy":"product_cat","embeddable":true,"href":"https:\/\/savaria-stage.huemortest.com\/fr\/wp-json\/wp\/v2\/product_cat?post=85936"},{"taxonomy":"product_tag","embeddable":true,"href":"https:\/\/savaria-stage.huemortest.com\/fr\/wp-json\/wp\/v2\/product_tag?post=85936"}],"curies":[{"name":"wp","href":"https:\/\/api.w.org\/{rel}","templated":true}]}}