{"id":85665,"date":"2023-11-22T14:54:03","date_gmt":"2023-11-22T14:54:03","guid":{"rendered":"https:\/\/savaria-stage.huemortest.com\/careers\/"},"modified":"2025-05-13T06:24:52","modified_gmt":"2025-05-13T06:24:52","slug":"carrieres","status":"publish","type":"page","link":"https:\/\/savaria-stage.huemortest.com\/fr\/carrieres\/","title":{"rendered":"Carri\u00e8res"},"content":{"rendered":"\n<h2>\n\t\tCarri\u00e8res\n\t<\/h2>\n\t<p>Donnez du sens \u00e0 votre carri\u00e8re gr\u00e2ce \u00e0 Savaria Patient Care &#8211; Rejoignez une \u00e9quipe d\u00e9vou\u00e9e o\u00f9 vos comp\u00e9tences feront la diff\u00e9rence. Avec nous, d\u00e9veloppez votre carri\u00e8re dans le secteur de la sant\u00e9.<\/p>\n\t\t\t<a href=\"https:\/\/workforcenow.adp.com\/mascsr\/default\/mdf\/recruitment\/recruitment.html?cid=82f6e1bb-42d8-44fe-8c48-350b21a3f2f5&#038;ccId=9202409250753_2&#038;lang=en_US\" target=\"_self\">\n\t\t\t\t\t\t\tVoir les offres d&#8217;emploi\n\t\t\t<\/a>\n\t\t\t\t<img decoding=\"async\" src=\"https:\/\/savaria-stage.huemortest.com\/wp-content\/uploads\/2023\/11\/icon-green-circles.svg\" alt=\"icon-green-circles\" itemprop=\"image\" title=\"icon-green-circles\" onerror=\"this.style.display='none'\"  \/>\n<h6>\n\t\tNotre culture\n\t<\/h6>\n<h2>\n\t\tNous nous soutenons mutuellement.\n\t<\/h2>\n\t<p>Savaria Patient Care cultive une culture alliant synergie, ing\u00e9niosit\u00e9 et inclusion. Nos \u00e9quipes repr\u00e9sentent notre richesse, et nous cr\u00e9ons un environnement o\u00f9 la diversit\u00e9 des talents et des points de vue s&#8217;exprime pleinement. L&#8217;\u00e9quilibre vie professionnelle\/vie personnelle est l&#8217;une de nos priorit\u00e9s, car nous accordons une grande importance au bien-\u00eatre de nos collaborateurs et \u00e0 leurs engagements familiaux. Guid\u00e9s par des valeurs d&#8217;int\u00e9grit\u00e9 et d&#8217;\u00e9thique, nous pla\u00e7ons l&#8217;honn\u00eatet\u00e9, la confiance et l&#8217;\u00e9quit\u00e9 au c\u0153ur de toutes nos relations, aussi bien au sein de notre entreprise qu&#8217;en dehors.<\/p>\n<p>Savaria Patient Care est un employeur qui respecte le principe d&#8217;\u00e9galit\u00e9 d&#8217;acc\u00e8s \u00e0 l&#8217;emploi et pratique une politique d&#8217;action positive envers les minorit\u00e9s, les femmes, les personnes handicap\u00e9es et les anciens combattants prot\u00e9g\u00e9s.<\/p>\n\t\t\t\t<img decoding=\"async\" src=\"https:\/\/savaria-stage.huemortest.com\/wp-content\/uploads\/2024\/01\/RD_CeilingLift_3D_model3.jpg\" alt=\"Magog Research and Development centre\" itemprop=\"image\" height=\"1080\" width=\"1920\" title=\"Magog Research and Development centre\" onerror=\"this.style.display='none'\"  \/>\n\t\t\t\t<img decoding=\"async\" src=\"https:\/\/savaria-stage.huemortest.com\/wp-content\/uploads\/2024\/01\/Savaria-Patient-Care-Team-scaled.jpg\" alt=\"\" itemprop=\"image\" onerror=\"this.style.display='none'\"  \/>\n\t\t\t\t<img decoding=\"async\" src=\"https:\/\/savaria-stage.huemortest.com\/wp-content\/uploads\/2024\/01\/Savaria-Patient-Care-Team-Concord.jpeg\" alt=\"Savaria Patient Care Team Concord\" itemprop=\"image\" height=\"1536\" width=\"2048\" title=\"Savaria Patient Care Team Concord\" onerror=\"this.style.display='none'\"  \/>\n\t\t\t\t<img decoding=\"async\" src=\"https:\/\/savaria-stage.huemortest.com\/wp-content\/uploads\/2024\/01\/Savaria-Patient-Care-Careers-scaled.jpg\" alt=\"Savaria Patient Care Careers\" itemprop=\"image\" height=\"2560\" width=\"1920\" title=\"Savaria Patient Care Careers\" onerror=\"this.style.display='none'\"  \/>\n<h2>\n\t\tAvantages\n\t<\/h2>\n\t\t\t\t<img decoding=\"async\" src=\"https:\/\/savaria-stage.huemortest.com\/wp-content\/uploads\/2023\/11\/icon-healthcare.svg\" alt=\"icon healthcare\" itemprop=\"image\" title=\"icon healthcare\" onerror=\"this.style.display='none'\"  \/>\n<h6>\n\t\t Couverture m\u00e9dicale compl\u00e8te\n\t<\/h6>\n\t<p>B\u00e9n\u00e9ficiez d&#8217;un plan de soins m\u00e9dicaux complet qui couvre vos besoins et ceux de votre famille, incluant les m\u00e9dicaments sur ordonnance.<\/p>\n\t\t\t\t<img decoding=\"async\" src=\"https:\/\/savaria-stage.huemortest.com\/wp-content\/uploads\/2023\/11\/icon-compensation.svg\" alt=\"icon compensation\" itemprop=\"image\" title=\"icon compensation\" onerror=\"this.style.display='none'\"  \/>\n<h6>\n\t\tAssurance-vie et invalidit\u00e9\n\t<\/h6>\n\t<p>Ne vous souciez plus des impr\u00e9vus gr\u00e2ce \u00e0 nos plans complets.<\/p>\n\t\t\t\t<img decoding=\"async\" src=\"https:\/\/savaria-stage.huemortest.com\/wp-content\/uploads\/2023\/11\/icon-vision.svg\" alt=\"icon vision\" itemprop=\"image\" title=\"icon vision\" onerror=\"this.style.display='none'\"  \/>\n<h6>\n\t\tAssistance visuelle\n\t<\/h6>\n\t<p>Des lunettes de vue sur ordonnance aux examens de la vue, nous sommes l\u00e0 pour vous aider \u00e0 pr\u00e9server votre vision.<\/p>\n\t\t\t\t<img decoding=\"async\" src=\"https:\/\/savaria-stage.huemortest.com\/wp-content\/uploads\/2023\/11\/icon-dental.svg\" alt=\"icon dental\" itemprop=\"image\" title=\"icon dental\" onerror=\"this.style.display='none'\"  \/>\n<h6>\n\t\tSoins dentaires\n\t<\/h6>\n\t<p>Gardez le sourire gr\u00e2ce \u00e0 notre plan d&#8217;assurance dentaire annuel pour vous et votre famille.<\/p>\n\t\t\t\t<img decoding=\"async\" src=\"https:\/\/savaria-stage.huemortest.com\/wp-content\/uploads\/2023\/11\/icon-life.svg\" alt=\"icon life\" itemprop=\"image\" title=\"icon life\" onerror=\"this.style.display='none'\"  \/>\n<h6>\n\t\tSalaire comp\u00e9titif\n\t<\/h6>\n\t<p>Nous valorisons vos contributions et t\u00e9moignons de notre reconnaissance en vous offrant des salaires comp\u00e9titifs.<\/p>\n\t\t\t\t<img decoding=\"async\" src=\"https:\/\/savaria-stage.huemortest.com\/wp-content\/uploads\/2023\/11\/icon-global.svg\" alt=\"icon global\" itemprop=\"image\" title=\"icon global\" onerror=\"this.style.display='none'\"  \/>\n<h6>\n\t\tCroissance mondiale\n\t<\/h6>\n\t<p>O\u00f9 que vous soyez, notre pr\u00e9sence mondiale vous offre plusieurs possibilit\u00e9s de d\u00e9veloppement de carri\u00e8re.<\/p>\n<h2>\n\t\tVision et mission\n\t<\/h2>\n\t<p>Chez Savaria, nous avons pour mission de concevoir et de mettre sur le march\u00e9 une gamme compl\u00e8te de produits innovants, fiables et personnalis\u00e9s de haute qualit\u00e9, en vue d&#8217;am\u00e9liorer la mobilit\u00e9 des personnes. Notre culture collaborative nous permet d&#8217;offrir des solutions ax\u00e9es sur le client, en nous appuyant sur une pr\u00e9sence mondiale, une expertise technologique de pointe, ainsi que sur une vision globale de l&#8217;accessibilit\u00e9 et des soins aux patients.<\/p>\n\t\t\t\t<img decoding=\"async\" src=\"https:\/\/savaria-stage.huemortest.com\/wp-content\/uploads\/2023\/11\/icon-excelence.svg\" alt=\"icon excelence\" itemprop=\"image\" title=\"icon excelence\" onerror=\"this.style.display='none'\"  \/>\n<h6>\n\t\tExcellence\n\t<\/h6>\n\t<p>Repousser les limites de l&#8217;excellence dans tout ce que nous entreprenons.<\/p>\n\t\t\t\t<img decoding=\"async\" src=\"https:\/\/savaria-stage.huemortest.com\/wp-content\/uploads\/2023\/11\/icon-collaboration.svg\" alt=\"icon collaboration\" itemprop=\"image\" title=\"icon collaboration\" onerror=\"this.style.display='none'\"  \/>\n<h6>\n\t\tCollaboration\n\t<\/h6>\n\t<p>B\u00e2tir notre succ\u00e8s gr\u00e2ce au travail d&#8217;\u00e9quipe.<\/p>\n\t\t\t\t<img decoding=\"async\" src=\"https:\/\/savaria-stage.huemortest.com\/wp-content\/uploads\/2023\/11\/icon-innovation.svg\" alt=\"icon innovation\" itemprop=\"image\" title=\"icon innovation\" onerror=\"this.style.display='none'\"  \/>\n<h6>\n\t\tInnovation\n\t<\/h6>\n\t<p>Stimuler le progr\u00e8s gr\u00e2ce \u00e0 des solutions cr\u00e9atives.<\/p>\n\t\t\t\t<img decoding=\"async\" src=\"https:\/\/savaria-stage.huemortest.com\/wp-content\/uploads\/2023\/11\/icon-integrity.svg\" alt=\"icon integrity\" itemprop=\"image\" title=\"icon integrity\" onerror=\"this.style.display='none'\"  \/>\n<h6>\n\t\tInt\u00e9grit\u00e9\n\t<\/h6>\n\t<p>L&#8217;honn\u00eatet\u00e9 et l&#8217;\u00e9thique guident nos actions.<\/p>\n\t\t\t\t<img decoding=\"async\" src=\"https:\/\/savaria-stage.huemortest.com\/wp-content\/uploads\/2023\/11\/icon-customer.svg\" alt=\"icon customer\" itemprop=\"image\" title=\"icon customer\" onerror=\"this.style.display='none'\"  \/>\n<h6>\n\t\tPrivil\u00e9gier le client\n\t<\/h6>\n\t<p>Nos clients sont au c\u0153ur de chacune de nos actions<\/p>\n\t\t\t\t<img decoding=\"async\" src=\"https:\/\/savaria-stage.huemortest.com\/wp-content\/uploads\/2023\/11\/icon-social.svg\" alt=\"icon social\" itemprop=\"image\" title=\"icon social\" onerror=\"this.style.display='none'\"  \/>\n<h6>\n\t\tResponsabilit\u00e9 sociale et environnementale\n\t<\/h6>\n\t<p>Avoir un impact positif sur les personnes et la soci\u00e9t\u00e9.<\/p>\n<h2>\n\t\tRejoignez-nous!\n\t<\/h2>\n\t<p>Donnez un nouvel \u00e9lan \u00e0 votre carri\u00e8re &#8211; Rejoignez une \u00e9quipe o\u00f9 l&#8217;innovation fait la diff\u00e9rence!<\/p>\n\t\t\t<a href=\"https:\/\/workforcenow.adp.com\/mascsr\/default\/mdf\/recruitment\/recruitment.html?cid=82f6e1bb-42d8-44fe-8c48-350b21a3f2f5&#038;ccId=9202409250753_2&#038;lang=en_US\" target=\"_self\">\n\t\t\t\t\t\t\tVoir les offres d&#8217;emploi\n\t\t\t<\/a>\n\n","protected":false},"excerpt":{"rendered":"<p>Carri\u00e8res Donnez du sens \u00e0 votre carri\u00e8re gr\u00e2ce \u00e0 Savaria Patient Care &#8211; Rejoignez une \u00e9quipe d\u00e9vou\u00e9e o\u00f9 vos comp\u00e9tences feront la diff\u00e9rence. Avec nous, d\u00e9veloppez votre carri\u00e8re dans le secteur de la sant\u00e9. Voir les offres d&#8217;emploi Notre culture Nous nous soutenons mutuellement. Savaria Patient Care cultive une culture alliant synergie, ing\u00e9niosit\u00e9 et inclusion. [&hellip;]<\/p>\n","protected":false},"author":6,"featured_media":85667,"parent":0,"menu_order":0,"comment_status":"closed","ping_status":"closed","template":"","meta":{"_acf_changed":false,"footnotes":""},"class_list":["post-85665","page","type-page","status-publish","has-post-thumbnail","hentry"],"acf":[],"yoast_head":"<!-- This site is optimized with the Yoast SEO Premium plugin v25.6 (Yoast SEO v27.2) - https:\/\/yoast.com\/product\/yoast-seo-premium-wordpress\/ -->\n<title>Carri\u00e8res chez Savaria : Rejoignez une \u00e9quipe dynamique qui fa\u00e7onne l\u2019avenir<\/title>\n<meta name=\"description\" content=\"D\u00e9couvrez les possibilit\u00e9s de carri\u00e8re enrichissantes chez Savaria Rejoignez une \u00e9quipe dynamique d\u00e9di\u00e9e \u00e0 l\u2019innovation et \u00e0 l\u2019excellence R\u00e9alisez votre potentiel de croissance et de r\u00e9ussite professionnelles\" \/>\n<meta name=\"robots\" content=\"noindex, follow, max-snippet:-1, max-image-preview:large, max-video-preview:-1\" \/>\n<meta property=\"og:locale\" content=\"fr_CA\" \/>\n<meta property=\"og:type\" content=\"article\" \/>\n<meta property=\"og:title\" content=\"Carri\u00e8res\" \/>\n<meta property=\"og:description\" content=\"D\u00e9couvrez les possibilit\u00e9s de carri\u00e8re enrichissantes chez Savaria Rejoignez une \u00e9quipe dynamique d\u00e9di\u00e9e \u00e0 l\u2019innovation et \u00e0 l\u2019excellence R\u00e9alisez votre potentiel de croissance et de r\u00e9ussite professionnelles\" \/>\n<meta property=\"og:url\" content=\"https:\/\/savaria-stage.huemortest.com\/fr\/carrieres\/\" \/>\n<meta property=\"og:site_name\" content=\"Soins aux patients de Savaria\" \/>\n<meta property=\"article:modified_time\" content=\"2025-05-13T06:24:52+00:00\" \/>\n<meta property=\"og:image\" content=\"https:\/\/savaria-stage.huemortest.com\/wp-content\/uploads\/2024\/01\/Savaria-Patient-Care-Employee-Meeting.png\" \/>\n\t<meta property=\"og:image:width\" content=\"1000\" \/>\n\t<meta property=\"og:image:height\" content=\"667\" \/>\n\t<meta property=\"og:image:type\" content=\"image\/png\" \/>\n<meta name=\"twitter:card\" content=\"summary_large_image\" \/>\n<meta name=\"twitter:label1\" content=\"Est. reading time\" \/>\n\t<meta name=\"twitter:data1\" content=\"6 minutes\" \/>\n<script type=\"application\/ld+json\" class=\"yoast-schema-graph\">{\"@context\":\"https:\/\/schema.org\",\"@graph\":[{\"@type\":\"WebPage\",\"@id\":\"https:\/\/savaria-stage.huemortest.com\/fr\/carrieres\/\",\"url\":\"https:\/\/savaria-stage.huemortest.com\/fr\/carrieres\/\",\"name\":\"Carri\u00e8res chez Savaria : Rejoignez une \u00e9quipe dynamique qui fa\u00e7onne l\u2019avenir\",\"isPartOf\":{\"@id\":\"https:\/\/savaria-stage.huemortest.com\/#website\"},\"primaryImageOfPage\":{\"@id\":\"https:\/\/savaria-stage.huemortest.com\/fr\/carrieres\/#primaryimage\"},\"image\":{\"@id\":\"https:\/\/savaria-stage.huemortest.com\/fr\/carrieres\/#primaryimage\"},\"thumbnailUrl\":\"https:\/\/savaria-stage.huemortest.com\/wp-content\/uploads\/2024\/01\/Savaria-Patient-Care-Employee-Meeting.png\",\"datePublished\":\"2023-11-22T14:54:03+00:00\",\"dateModified\":\"2025-05-13T06:24:52+00:00\",\"description\":\"D\u00e9couvrez les possibilit\u00e9s de carri\u00e8re enrichissantes chez Savaria Rejoignez une \u00e9quipe dynamique d\u00e9di\u00e9e \u00e0 l\u2019innovation et \u00e0 l\u2019excellence R\u00e9alisez votre potentiel de croissance et de r\u00e9ussite professionnelles\",\"breadcrumb\":{\"@id\":\"https:\/\/savaria-stage.huemortest.com\/fr\/carrieres\/#breadcrumb\"},\"inLanguage\":\"fr-CA\",\"potentialAction\":[{\"@type\":\"ReadAction\",\"target\":[\"https:\/\/savaria-stage.huemortest.com\/fr\/carrieres\/\"]}]},{\"@type\":\"ImageObject\",\"inLanguage\":\"fr-CA\",\"@id\":\"https:\/\/savaria-stage.huemortest.com\/fr\/carrieres\/#primaryimage\",\"url\":\"https:\/\/savaria-stage.huemortest.com\/wp-content\/uploads\/2024\/01\/Savaria-Patient-Care-Employee-Meeting.png\",\"contentUrl\":\"https:\/\/savaria-stage.huemortest.com\/wp-content\/uploads\/2024\/01\/Savaria-Patient-Care-Employee-Meeting.png\",\"width\":1000,\"height\":667},{\"@type\":\"BreadcrumbList\",\"@id\":\"https:\/\/savaria-stage.huemortest.com\/fr\/carrieres\/#breadcrumb\",\"itemListElement\":[{\"@type\":\"ListItem\",\"position\":1,\"name\":\"Home\",\"item\":\"https:\/\/savaria-stage.huemortest.com\/fr\/\"},{\"@type\":\"ListItem\",\"position\":2,\"name\":\"Carri\u00e8res\"}]},{\"@type\":\"WebSite\",\"@id\":\"https:\/\/savaria-stage.huemortest.com\/#website\",\"url\":\"https:\/\/savaria-stage.huemortest.com\/\",\"name\":\"Savaria Patient Care\",\"description\":\"\",\"publisher\":{\"@id\":\"https:\/\/savaria-stage.huemortest.com\/#organization\"},\"potentialAction\":[{\"@type\":\"SearchAction\",\"target\":{\"@type\":\"EntryPoint\",\"urlTemplate\":\"https:\/\/savaria-stage.huemortest.com\/?s={search_term_string}\"},\"query-input\":{\"@type\":\"PropertyValueSpecification\",\"valueRequired\":true,\"valueName\":\"search_term_string\"}}],\"inLanguage\":\"fr-CA\"},{\"@type\":\"Organization\",\"@id\":\"https:\/\/savaria-stage.huemortest.com\/#organization\",\"name\":\"Savaria\",\"url\":\"https:\/\/savaria-stage.huemortest.com\/\",\"logo\":{\"@type\":\"ImageObject\",\"inLanguage\":\"fr-CA\",\"@id\":\"https:\/\/savaria-stage.huemortest.com\/#\/schema\/logo\/image\/\",\"url\":\"https:\/\/savaria-stage.huemortest.com\/wp-content\/uploads\/2023\/10\/Savaria-Logo.svg\",\"contentUrl\":\"https:\/\/savaria-stage.huemortest.com\/wp-content\/uploads\/2023\/10\/Savaria-Logo.svg\",\"width\":1,\"height\":1,\"caption\":\"Savaria\"},\"image\":{\"@id\":\"https:\/\/savaria-stage.huemortest.com\/#\/schema\/logo\/image\/\"}}]}<\/script>\n<!-- \/ Yoast SEO Premium plugin. -->","yoast_head_json":{"title":"Carri\u00e8res chez Savaria : Rejoignez une \u00e9quipe dynamique qui fa\u00e7onne l\u2019avenir","description":"D\u00e9couvrez les possibilit\u00e9s de carri\u00e8re enrichissantes chez Savaria Rejoignez une \u00e9quipe dynamique d\u00e9di\u00e9e \u00e0 l\u2019innovation et \u00e0 l\u2019excellence R\u00e9alisez votre potentiel de croissance et de r\u00e9ussite professionnelles","robots":{"index":"noindex","follow":"follow","max-snippet":"max-snippet:-1","max-image-preview":"max-image-preview:large","max-video-preview":"max-video-preview:-1"},"og_locale":"fr_CA","og_type":"article","og_title":"Carri\u00e8res","og_description":"D\u00e9couvrez les possibilit\u00e9s de carri\u00e8re enrichissantes chez Savaria Rejoignez une \u00e9quipe dynamique d\u00e9di\u00e9e \u00e0 l\u2019innovation et \u00e0 l\u2019excellence R\u00e9alisez votre potentiel de croissance et de r\u00e9ussite professionnelles","og_url":"https:\/\/savaria-stage.huemortest.com\/fr\/carrieres\/","og_site_name":"Soins aux patients de Savaria","article_modified_time":"2025-05-13T06:24:52+00:00","og_image":[{"width":1000,"height":667,"url":"https:\/\/savaria-stage.huemortest.com\/wp-content\/uploads\/2024\/01\/Savaria-Patient-Care-Employee-Meeting.png","type":"image\/png"}],"twitter_card":"summary_large_image","twitter_misc":{"Est. reading time":"6 minutes"},"schema":{"@context":"https:\/\/schema.org","@graph":[{"@type":"WebPage","@id":"https:\/\/savaria-stage.huemortest.com\/fr\/carrieres\/","url":"https:\/\/savaria-stage.huemortest.com\/fr\/carrieres\/","name":"Carri\u00e8res chez Savaria : Rejoignez une \u00e9quipe dynamique qui fa\u00e7onne l\u2019avenir","isPartOf":{"@id":"https:\/\/savaria-stage.huemortest.com\/#website"},"primaryImageOfPage":{"@id":"https:\/\/savaria-stage.huemortest.com\/fr\/carrieres\/#primaryimage"},"image":{"@id":"https:\/\/savaria-stage.huemortest.com\/fr\/carrieres\/#primaryimage"},"thumbnailUrl":"https:\/\/savaria-stage.huemortest.com\/wp-content\/uploads\/2024\/01\/Savaria-Patient-Care-Employee-Meeting.png","datePublished":"2023-11-22T14:54:03+00:00","dateModified":"2025-05-13T06:24:52+00:00","description":"D\u00e9couvrez les possibilit\u00e9s de carri\u00e8re enrichissantes chez Savaria Rejoignez une \u00e9quipe dynamique d\u00e9di\u00e9e \u00e0 l\u2019innovation et \u00e0 l\u2019excellence R\u00e9alisez votre potentiel de croissance et de r\u00e9ussite professionnelles","breadcrumb":{"@id":"https:\/\/savaria-stage.huemortest.com\/fr\/carrieres\/#breadcrumb"},"inLanguage":"fr-CA","potentialAction":[{"@type":"ReadAction","target":["https:\/\/savaria-stage.huemortest.com\/fr\/carrieres\/"]}]},{"@type":"ImageObject","inLanguage":"fr-CA","@id":"https:\/\/savaria-stage.huemortest.com\/fr\/carrieres\/#primaryimage","url":"https:\/\/savaria-stage.huemortest.com\/wp-content\/uploads\/2024\/01\/Savaria-Patient-Care-Employee-Meeting.png","contentUrl":"https:\/\/savaria-stage.huemortest.com\/wp-content\/uploads\/2024\/01\/Savaria-Patient-Care-Employee-Meeting.png","width":1000,"height":667},{"@type":"BreadcrumbList","@id":"https:\/\/savaria-stage.huemortest.com\/fr\/carrieres\/#breadcrumb","itemListElement":[{"@type":"ListItem","position":1,"name":"Home","item":"https:\/\/savaria-stage.huemortest.com\/fr\/"},{"@type":"ListItem","position":2,"name":"Carri\u00e8res"}]},{"@type":"WebSite","@id":"https:\/\/savaria-stage.huemortest.com\/#website","url":"https:\/\/savaria-stage.huemortest.com\/","name":"Savaria Patient Care","description":"","publisher":{"@id":"https:\/\/savaria-stage.huemortest.com\/#organization"},"potentialAction":[{"@type":"SearchAction","target":{"@type":"EntryPoint","urlTemplate":"https:\/\/savaria-stage.huemortest.com\/?s={search_term_string}"},"query-input":{"@type":"PropertyValueSpecification","valueRequired":true,"valueName":"search_term_string"}}],"inLanguage":"fr-CA"},{"@type":"Organization","@id":"https:\/\/savaria-stage.huemortest.com\/#organization","name":"Savaria","url":"https:\/\/savaria-stage.huemortest.com\/","logo":{"@type":"ImageObject","inLanguage":"fr-CA","@id":"https:\/\/savaria-stage.huemortest.com\/#\/schema\/logo\/image\/","url":"https:\/\/savaria-stage.huemortest.com\/wp-content\/uploads\/2023\/10\/Savaria-Logo.svg","contentUrl":"https:\/\/savaria-stage.huemortest.com\/wp-content\/uploads\/2023\/10\/Savaria-Logo.svg","width":1,"height":1,"caption":"Savaria"},"image":{"@id":"https:\/\/savaria-stage.huemortest.com\/#\/schema\/logo\/image\/"}}]}},"_links":{"self":[{"href":"https:\/\/savaria-stage.huemortest.com\/fr\/wp-json\/wp\/v2\/pages\/85665","targetHints":{"allow":["GET"]}}],"collection":[{"href":"https:\/\/savaria-stage.huemortest.com\/fr\/wp-json\/wp\/v2\/pages"}],"about":[{"href":"https:\/\/savaria-stage.huemortest.com\/fr\/wp-json\/wp\/v2\/types\/page"}],"author":[{"embeddable":true,"href":"https:\/\/savaria-stage.huemortest.com\/fr\/wp-json\/wp\/v2\/users\/6"}],"replies":[{"embeddable":true,"href":"https:\/\/savaria-stage.huemortest.com\/fr\/wp-json\/wp\/v2\/comments?post=85665"}],"version-history":[{"count":4,"href":"https:\/\/savaria-stage.huemortest.com\/fr\/wp-json\/wp\/v2\/pages\/85665\/revisions"}],"predecessor-version":[{"id":88691,"href":"https:\/\/savaria-stage.huemortest.com\/fr\/wp-json\/wp\/v2\/pages\/85665\/revisions\/88691"}],"wp:featuredmedia":[{"embeddable":true,"href":"https:\/\/savaria-stage.huemortest.com\/fr\/wp-json\/wp\/v2\/media\/85667"}],"wp:attachment":[{"href":"https:\/\/savaria-stage.huemortest.com\/fr\/wp-json\/wp\/v2\/media?parent=85665"}],"curies":[{"name":"wp","href":"https:\/\/api.w.org\/{rel}","templated":true}]}}